{"id":5545,"date":"2013-07-31T16:12:39","date_gmt":"2013-07-31T14:12:39","guid":{"rendered":"http:\/\/rcbe.de\/gamma-2013-vorlaufiges-programm\/"},"modified":"2020-11-18T09:42:55","modified_gmt":"2020-11-18T07:42:55","slug":"gamma-2013-vorlaufiges-programm","status":"publish","type":"page","link":"https:\/\/rcbe.de\/en\/gamma-2013-vorlaufiges-programm\/","title":{"rendered":"GAMMA 2013 \u2013 Programm"},"content":{"rendered":"<p><!--:de--><a href=\"http:\/\/rcbe.de\/wp-content\/uploads\/2013\/07\/2013-10-GAMMA2013-RGBG-Programm.pdf\">Programm des GAMMA 2013 Workshops in Regensburg<\/a>&nbsp;(&lt;&lt; Link)<\/p>\n<table dir=\"ltr\" style=\"background-color: #00528c;\" cellspacing=\"0\" cellpadding=\"0\" border=\"0\">\n<colgroup>\n<col width=\"117\">\n<col width=\"355\"><\/colgroup>\n<tbody>\n<tr dir=\"ltr\">\n<td dir=\"ltr\" rowspan=\"1\" colspan=\"2\"><span style=\"color: #ffffff;\"><strong>&nbsp; &nbsp;Freitag, 08. November 2013,&nbsp;<strong>Seminarraum E104, HS.R<\/strong><\/strong><\/span><\/td>\n<\/tr>\n<\/tbody>\n<\/table>\n<table dir=\"ltr\" cellspacing=\"0\" cellpadding=\"0\">\n<colgroup>\n<col width=\"117\">\n<col width=\"355\"><\/colgroup>\n<tbody>\n<tr dir=\"ltr\">\n<td><em>13.00<\/em><\/td>\n<td dir=\"ltr\"><em>Registrierung<\/em><\/td>\n<\/tr>\n<tr dir=\"ltr\">\n<td dir=\"ltr\">14.00 \u2013 14.10<\/td>\n<td dir=\"ltr\">Begr\u00fc\u00dfung und Organisatorisches<\/td>\n<\/tr>\n<tr dir=\"ltr\">\n<td dir=\"ltr\">14.10 \u2013 14.50<\/td>\n<td dir=\"ltr\">Muskuloskelettale Modellierung (Weber \/ Dendorfer)<\/td>\n<\/tr>\n<tr dir=\"ltr\">\n<td dir=\"ltr\">14.50 \u2013 15.30<\/td>\n<td dir=\"ltr\">Die Biomechanik des Fu\u00dfes (G\u00f6tz)<\/td>\n<\/tr>\n<tr dir=\"ltr\">\n<td dir=\"ltr\"><em>15.30 \u2013 16.00<\/em><\/td>\n<td dir=\"ltr\"><em>Kaffeepause<\/em><\/td>\n<\/tr>\n<tr dir=\"ltr\">\n<td dir=\"ltr\">16.00 \u2013 17.00<\/td>\n<td dir=\"ltr\">Statistik &#8211; was Sie schon immer wissen wollten sich aber nie getraut haben zu fragen&nbsp;(Zeman)<\/td>\n<\/tr>\n<tr dir=\"ltr\">\n<td dir=\"ltr\">17.00 \u2013 17.15<\/td>\n<td dir=\"ltr\">Plug-In-Gait: Wussten Sie das schon? (J. Romkes, Basel)<\/td>\n<\/tr>\n<tr dir=\"ltr\">\n<td dir=\"ltr\">17.15 \u2013 17.30<\/td>\n<td dir=\"ltr\">Oberk\u00f6rperbewegung im Plug-in-Gait-Fullbody-Modell mit Vicon Nexus &#8211; Bewegungen der oberen Extremit\u00e4t, auftretende Probleme und L\u00f6sungsans\u00e4tze (J. Lackner, Murnau)<\/td>\n<\/tr>\n<tr dir=\"ltr\">\n<td dir=\"ltr\">17.30 \u2013 17.45<\/td>\n<td dir=\"ltr\">Anwendung von Analysemodulen zur dysfunktionsspezifischen Auswertung von Bewegungsanalysedaten (D. Raab, Duisburg-Essen)<\/td>\n<\/tr>\n<tr dir=\"ltr\">\n<td dir=\"ltr\"><em>Ab 19.30<\/em><\/td>\n<td dir=\"ltr\"><em>gemeinsames Abendessen im Bischofshof (Selbstzahler)<\/em><\/td>\n<\/tr>\n<\/tbody>\n<\/table>\n<p><span style=\"color: #333333; font-family: 'Helvetica Neue', Helvetica, Arial, 'Nimbus Sans L', sans-serif; font-style: normal;\">&nbsp;<\/span><\/p>\n<table dir=\"ltr\" style=\"background-color: #00528c;\" cellspacing=\"0\" cellpadding=\"0\" border=\"0\">\n<colgroup>\n<col width=\"117\">\n<col width=\"355\"><\/colgroup>\n<tbody>\n<tr dir=\"ltr\">\n<td dir=\"ltr\" rowspan=\"1\" colspan=\"2\"><span style=\"color: #ffffff;\"><strong>&nbsp; &nbsp;Samstag, 09. November 2013,&nbsp;<strong>Computerraum B213, HS.R<\/strong><\/strong><\/span><\/td>\n<\/tr>\n<\/tbody>\n<\/table>\n<table dir=\"ltr\" cellspacing=\"0\" cellpadding=\"0\">\n<colgroup>\n<col width=\"117\">\n<col width=\"355\"><\/colgroup>\n<tbody>\n<tr dir=\"ltr\">\n<td dir=\"ltr\">9.00 \u2013 10.30<\/td>\n<td dir=\"ltr\">Cip-Pool: The AnyGait Model \u2013 Streamlining musculoskeletal Simulation for gait laboratories<\/td>\n<\/tr>\n<tr dir=\"ltr\">\n<td dir=\"ltr\"><em>10.30 \u2013 11.00<\/em><\/td>\n<td dir=\"ltr\"><em>Kaffeepause<\/em><\/td>\n<\/tr>\n<tr dir=\"ltr\">\n<td dir=\"ltr\">11.00 \u2013 12.30<\/td>\n<td dir=\"ltr\">Cip-Pool: Die Principal Component Analysis in der Ganganalyse \u2013 Ein anwendungsorientierte Einf\u00fchrung mit MATLAB<sup>\u00ae<\/sup><\/td>\n<\/tr>\n<tr dir=\"ltr\">\n<td dir=\"ltr\"><em>12.30 \u2013 13.30<\/em><\/td>\n<td dir=\"ltr\"><em>Mittagessen (Mensa Hochschule Regensburg)<\/em><\/td>\n<\/tr>\n<tr dir=\"ltr\">\n<td dir=\"ltr\">13.30 \u2013 13.45<\/td>\n<td dir=\"ltr\">Muskelstruktur des Gastrocnemius bei Kindern mit und ohne Zerebralparese und deren Zusammenhang mit dem Gangbild (V. Hirschmann, Aschau)<\/td>\n<\/tr>\n<tr dir=\"ltr\">\n<td dir=\"ltr\">13.45 \u2013 14.00<\/td>\n<td dir=\"ltr\">Evaluation von Spitzfu\u00dforthesen &#8211; Vorstellung eines Studienkonzeptes (M.H\u00f6sl, Aschau)<\/td>\n<\/tr>\n<tr dir=\"ltr\">\n<td dir=\"ltr\">13.00 \u2013 14.15<\/td>\n<td dir=\"ltr\">Ganganalyse von Amputierten, Limitierungen von konventionellen kinematischen Modellen am Beispiel eines innovativen Prothesenfu\u00dfes (Heitzmann, Heidelberg)<\/td>\n<\/tr>\n<tr dir=\"ltr\">\n<td dir=\"ltr\">14.15 \u2013 14.30<\/td>\n<td dir=\"ltr\">Dynamische Untersuchung einer Unterschenkelorthese mit Federgelenk an zwei Fallbeispielen (J.&nbsp;Block, Heidelberg)<\/td>\n<\/tr>\n<tr dir=\"ltr\">\n<td dir=\"ltr\">14.30 \u2013 14.45<\/td>\n<td dir=\"ltr\">3D Wirbels\u00e4ulen Modelle &#8211; Literatur, Methoden und vorl\u00e4ufige Ergebnisse der Masterarbeit (D. North, Wien)<\/td>\n<\/tr>\n<tr dir=\"ltr\">\n<td dir=\"ltr\">14.45 \u2013 15.00<\/td>\n<td dir=\"ltr\">Mitgliederbeitrag<\/td>\n<\/tr>\n<tr dir=\"ltr\">\n<td><em>15.00<\/em><\/td>\n<td dir=\"ltr\"><em>Verabschiedung<\/em><\/td>\n<\/tr>\n<\/tbody>\n<\/table>\n<p><!--:--><\/p>\n","protected":false},"excerpt":{"rendered":"<p>Programm des GAMMA 2013 Workshops in Regensburg&nbsp;(&lt;&lt; Link) &nbsp; &nbsp;Freitag, 08. November 2013,&nbsp;Seminarraum E104, HS.R 13.00 Registrierung 14.00 \u2013 14.10 Begr\u00fc\u00dfung und Organisatorisches 14.10 \u2013 14.50 Muskuloskelettale Modellierung (Weber \/ Dendorfer) 14.50 \u2013 15.30 Die Biomechanik des Fu\u00dfes (G\u00f6tz) 15.30 \u2013 16.00 Kaffeepause 16.00 \u2013 17.00 Statistik &#8211; was Sie schon immer wissen wollten sich&hellip;<\/p>\n","protected":false},"author":1,"featured_media":0,"parent":0,"menu_order":0,"comment_status":"closed","ping_status":"closed","template":"","meta":{"ngg_post_thumbnail":0,"footnotes":""},"class_list":["post-5545","page","type-page","status-publish","hentry"],"_links":{"self":[{"href":"https:\/\/rcbe.de\/en\/wp-json\/wp\/v2\/pages\/5545","targetHints":{"allow":["GET"]}}],"collection":[{"href":"https:\/\/rcbe.de\/en\/wp-json\/wp\/v2\/pages"}],"about":[{"href":"https:\/\/rcbe.de\/en\/wp-json\/wp\/v2\/types\/page"}],"author":[{"embeddable":true,"href":"https:\/\/rcbe.de\/en\/wp-json\/wp\/v2\/users\/1"}],"replies":[{"embeddable":true,"href":"https:\/\/rcbe.de\/en\/wp-json\/wp\/v2\/comments?post=5545"}],"version-history":[{"count":1,"href":"https:\/\/rcbe.de\/en\/wp-json\/wp\/v2\/pages\/5545\/revisions"}],"predecessor-version":[{"id":5656,"href":"https:\/\/rcbe.de\/en\/wp-json\/wp\/v2\/pages\/5545\/revisions\/5656"}],"wp:attachment":[{"href":"https:\/\/rcbe.de\/en\/wp-json\/wp\/v2\/media?parent=5545"}],"curies":[{"name":"wp","href":"https:\/\/api.w.org\/{rel}","templated":true}]}}