{"id":5554,"date":"2015-01-14T19:31:00","date_gmt":"2015-01-14T17:31:00","guid":{"rendered":"http:\/\/rcbe.de\/ortho-eng-industriepartner\/"},"modified":"2020-11-18T09:44:52","modified_gmt":"2020-11-18T07:44:52","slug":"ortho-eng-industriepartner","status":"publish","type":"page","link":"https:\/\/rcbe.de\/en\/ortho-eng-industriepartner\/","title":{"rendered":"Orthopedics meets Engineering Industriepartner"},"content":{"rendered":"<p><!--:de--><\/p>\n<p style=\"text-align: justify;\">Die Industriepartner der Veranstaltung freuen sich, Sie am 13. und 14. M\u00e4rz pers\u00f6nlich kennen zu lernen:<\/p>\n<ul>\n<li>Aesculap B. Braun Melsungen AG, Melsungen<\/li>\n<li>alloPlus GmbH, Saarbr\u00fccken<\/li>\n<li>AQ Implants GmbH, Ahrensburg<\/li>\n<li>Biomet Deutschland GmbH, Berlin<\/li>\n<li>DIZG Deutsches Institut f\u00fcr Zell- und Gewebeersatz Gemeinn\u00fctzige GmbH, Berlin<\/li>\n<li>implantcast GmbH, Buxtehude<\/li>\n<li>Johnson &amp; Johnson Medical GmbH, DePuy Synthes, Norderstedt<\/li>\n<li>PETER BREHM GmbH, Weisendorf<\/li>\n<li>Waldemar LINK GmbH &amp; Co. KG, Hamburg<\/li>\n<li>Smith &amp; Nephew GmbH, Marl<\/li>\n<li>Zimmer Germany GmbH, Freiburg<\/li>\n<\/ul>\n<p><img loading=\"lazy\" decoding=\"async\" class=\"aligncenter size-full wp-image-5555\" src=\"http:\/\/rcbe.de\/wp-content\/uploads\/2015\/01\/ortho-eng-sponsoren.png\" alt=\"ortho-eng-sponsoren\" width=\"475\" height=\"323\" srcset=\"https:\/\/rcbe.de\/wp-content\/uploads\/2015\/01\/ortho-eng-sponsoren.png 475w, https:\/\/rcbe.de\/wp-content\/uploads\/2015\/01\/ortho-eng-sponsoren-300x204.png 300w, https:\/\/rcbe.de\/wp-content\/uploads\/2015\/01\/ortho-eng-sponsoren-441x300.png 441w\" sizes=\"auto, (max-width: 475px) 100vw, 475px\" \/><!--:--><\/p>\n","protected":false},"excerpt":{"rendered":"<p>Die Industriepartner der Veranstaltung freuen sich, Sie am 13. und 14. M\u00e4rz pers\u00f6nlich kennen zu lernen: Aesculap B. Braun Melsungen AG, Melsungen alloPlus GmbH, Saarbr\u00fccken AQ Implants GmbH, Ahrensburg Biomet Deutschland GmbH, Berlin DIZG Deutsches Institut f\u00fcr Zell- und Gewebeersatz Gemeinn\u00fctzige GmbH, Berlin implantcast GmbH, Buxtehude Johnson &amp; Johnson Medical GmbH, DePuy Synthes, Norderstedt PETER&hellip;<\/p>\n","protected":false},"author":1,"featured_media":0,"parent":0,"menu_order":0,"comment_status":"closed","ping_status":"closed","template":"","meta":{"ngg_post_thumbnail":0,"footnotes":""},"class_list":["post-5554","page","type-page","status-publish","hentry"],"_links":{"self":[{"href":"https:\/\/rcbe.de\/en\/wp-json\/wp\/v2\/pages\/5554","targetHints":{"allow":["GET"]}}],"collection":[{"href":"https:\/\/rcbe.de\/en\/wp-json\/wp\/v2\/pages"}],"about":[{"href":"https:\/\/rcbe.de\/en\/wp-json\/wp\/v2\/types\/page"}],"author":[{"embeddable":true,"href":"https:\/\/rcbe.de\/en\/wp-json\/wp\/v2\/users\/1"}],"replies":[{"embeddable":true,"href":"https:\/\/rcbe.de\/en\/wp-json\/wp\/v2\/comments?post=5554"}],"version-history":[{"count":1,"href":"https:\/\/rcbe.de\/en\/wp-json\/wp\/v2\/pages\/5554\/revisions"}],"predecessor-version":[{"id":5661,"href":"https:\/\/rcbe.de\/en\/wp-json\/wp\/v2\/pages\/5554\/revisions\/5661"}],"wp:attachment":[{"href":"https:\/\/rcbe.de\/en\/wp-json\/wp\/v2\/media?parent=5554"}],"curies":[{"name":"wp","href":"https:\/\/api.w.org\/{rel}","templated":true}]}}