{"id":5598,"date":"2013-09-04T13:50:15","date_gmt":"2013-09-04T11:50:15","guid":{"rendered":"http:\/\/rcbe.de\/eroeffnung-rcbe\/"},"modified":"2020-11-18T09:42:16","modified_gmt":"2020-11-18T07:42:16","slug":"eroeffnung-rcbe","status":"publish","type":"page","link":"https:\/\/rcbe.de\/en\/eroeffnung-rcbe\/","title":{"rendered":"Er\u00f6ffnung RCBE"},"content":{"rendered":"<p><!--:de--><\/p>\n<p style=\"text-align: justify;\">Das Regensburg Center of Biomedical Engineering (RCBE) und seine Mitarbeiter und Professoren laden Sie herzlich ein:<\/p>\n<hr style=\"width: 100%;\" width=\"100%\">\n<h2 align=\"center\"><span style=\"font-size: 14px;\"><strong>Er\u00f6ffnung von Gesch\u00e4ftsstelle und Laboren des<\/strong><\/span><\/h2>\n<p style=\"text-align: center;\" align=\"center\"><img loading=\"lazy\" decoding=\"async\" class=\" wp-image-5599 aligncenter\" alt=\"Logo-RCBE-Web\" src=\"http:\/\/rcbe.de\/wp-content\/uploads\/2013\/09\/Logo-RCBE-Web-800x177.png\" width=\"467\" height=\"103\" srcset=\"https:\/\/rcbe.de\/wp-content\/uploads\/2013\/09\/Logo-RCBE-Web-800x177.png 800w, https:\/\/rcbe.de\/wp-content\/uploads\/2013\/09\/Logo-RCBE-Web-300x66.png 300w, https:\/\/rcbe.de\/wp-content\/uploads\/2013\/09\/Logo-RCBE-Web-600x133.png 600w, https:\/\/rcbe.de\/wp-content\/uploads\/2013\/09\/Logo-RCBE-Web-500x111.png 500w, https:\/\/rcbe.de\/wp-content\/uploads\/2013\/09\/Logo-RCBE-Web.png 881w\" sizes=\"auto, (max-width: 467px) 100vw, 467px\" \/><\/p>\n<h2 align=\"center\"><strong><span style=\"font-size: 14px;\">&#8230;am Freitag, 18. Oktober 2013 um 14 Uhr<\/span><\/strong><\/h2>\n<div>\n<h2 align=\"center\"><strong>&#8230;im Biopark I (H\u00f6rsaal und Labore, siehe Beschilderung)<\/strong><\/h2>\n<p align=\"center\"><span style=\"font-size: 10px;\">Josef-Engert-Str. 9, 93053 Regensburg<\/span><\/p>\n<hr style=\"width: 100%;\" width=\"100%\">\n<p style=\"text-align: left;\" align=\"center\"><strong>Programm:<\/strong><\/p>\n<ul>\n<li>Begr\u00fc\u00dfung durch Pr\u00e4sident der Hochschule Regensburg<\/li>\n<li>Begr\u00fc\u00dfung und Einf\u00fchrung durch RCBE Leitung<\/li>\n<li>F\u00fchrung durch die Labore mit Demonstrationen\n<ul>\n<li>Labor f\u00fcr Biomechanik (Prof. Dr. Sebastian Dendorfer)<\/li>\n<li>Regensburg \u2013 Medical Image Computing (Prof. Dr. Christoph Palm)<\/li>\n<li>Labor f\u00fcr Medizinprodukte \u2013 Medical Devices (Prof. Dr. Thomas Schratzenstaller)<\/li>\n<li>Software in der Medizintechnik (Prof. Dr. Axel D\u00f6ring)<\/li>\n<\/ul>\n<\/li>\n<li>Imbiss mit pers\u00f6nlichen Gespr\u00e4chen<\/li>\n<\/ul>\n<p style=\"text-align: justify;\">Um eine kurze, formlose <strong>Anmeldung bis zum 11. Oktober<\/strong>&nbsp;an <strong><a title=\"Martina Barth\" href=\"&#x6d;&#97;i&#x6c;&#116;o&#x3a;&#109;a&#x72;&#116;i&#x6e;&#97;&#46;&#x62;&#x61;r&#x74;&#x68;&#64;&#x68;&#x73;&#45;&#x72;&#x65;&#103;e&#x6e;&#115;b&#x75;&#114;g&#x2e;&#100;e\">&#109;&#x61;r&#116;&#x69;&#110;&#x61;&#46;&#98;&#x61;r&#x74;&#x68;&#64;&#x68;s&#45;&#x72;e&#x67;&#x65;&#110;&#x73;b&#117;&#x72;&#103;&#x2e;d&#101;<\/a>&nbsp;<\/strong>w\u00fcrden wir herzlich bitten, um den Imbiss entsprechend auslegen zu k\u00f6nnen.<\/p>\n<p style=\"text-align: justify;\">F\u00fcr Hinweise zur <strong>Adresse und Anfahrt<\/strong> beachten Sie bitte die <strong><a title=\"Kontakt\" href=\"\/?page_id=18\">Kontaktseite<\/a><\/strong>. Als &#8220;Besucherparkpl\u00e4tze&#8221; markierte Stellm\u00f6glichkeiten sind hinter dem Biopark I in begrenzter Zahl vorhanden (zur Ausfahrt Metallmarke erforderlich, die im Labor erh\u00e4ltlich ist). Alternativ steht am Anfang der Josef-Engert-Str. ein Kiesparkplatz zur Verf\u00fcgung.<\/p>\n<p style=\"text-align: justify;\">Wir w\u00fcrden uns sehr freuen, Sie bei uns begr\u00fc\u00dfen zu d\u00fcrfen.<\/p>\n<p>Mit freundlichen Gr\u00fc\u00dfen, <a title=\"RCBE Leitung\" href=\"\/?page_id=142\">Prof. Dr. Sebastian Dendorfer, Prof. Dr. Christoph Palm, Dr. Alexander Leis<\/a><\/p>\n<hr style=\"width: 100%;\" width=\"100%\">\n<p style=\"text-align: center;\"><a href=\"http:\/\/www.knuth.de\/\"><img loading=\"lazy\" decoding=\"async\" class=\"wp-image-590 aligncenter\" alt=\"knuth-logo\" src=\"http:\/\/rcbe.de\/wp-content\/uploads\/2013\/09\/knuth-logo-150x150.jpg\" width=\"90\" height=\"90\" srcset=\"https:\/\/rcbe.de\/wp-content\/uploads\/2013\/09\/knuth-logo-150x150.jpg 150w, https:\/\/rcbe.de\/wp-content\/uploads\/2013\/09\/knuth-logo-300x300.jpg 300w, https:\/\/rcbe.de\/wp-content\/uploads\/2013\/09\/knuth-logo.jpg 353w\" sizes=\"auto, (max-width: 90px) 100vw, 90px\" \/><\/a>Diese Veranstaltung wird unterst\u00fctzt von&nbsp;<a title=\"Knuth Werzeugmaschinen\" href=\"http:\/\/www.knuth.de\/\" target=\"_blank\" rel=\"noopener noreferrer\">Knuth Werkzeugmaschinen GmbH<\/a><\/p>\n<\/div>\n<p><!--:--><\/p>\n","protected":false},"excerpt":{"rendered":"<p>Das Regensburg Center of Biomedical Engineering (RCBE) und seine Mitarbeiter und Professoren laden Sie herzlich ein: Er\u00f6ffnung von Gesch\u00e4ftsstelle und Laboren des &#8230;am Freitag, 18. Oktober 2013 um 14 Uhr &#8230;im Biopark I (H\u00f6rsaal und Labore, siehe Beschilderung) Josef-Engert-Str. 9, 93053 Regensburg Programm: Begr\u00fc\u00dfung durch Pr\u00e4sident der Hochschule Regensburg Begr\u00fc\u00dfung und Einf\u00fchrung durch RCBE Leitung&hellip;<\/p>\n","protected":false},"author":2,"featured_media":0,"parent":0,"menu_order":0,"comment_status":"closed","ping_status":"closed","template":"","meta":{"ngg_post_thumbnail":0,"footnotes":""},"class_list":["post-5598","page","type-page","status-publish","hentry"],"_links":{"self":[{"href":"https:\/\/rcbe.de\/en\/wp-json\/wp\/v2\/pages\/5598","targetHints":{"allow":["GET"]}}],"collection":[{"href":"https:\/\/rcbe.de\/en\/wp-json\/wp\/v2\/pages"}],"about":[{"href":"https:\/\/rcbe.de\/en\/wp-json\/wp\/v2\/types\/page"}],"author":[{"embeddable":true,"href":"https:\/\/rcbe.de\/en\/wp-json\/wp\/v2\/users\/2"}],"replies":[{"embeddable":true,"href":"https:\/\/rcbe.de\/en\/wp-json\/wp\/v2\/comments?post=5598"}],"version-history":[{"count":1,"href":"https:\/\/rcbe.de\/en\/wp-json\/wp\/v2\/pages\/5598\/revisions"}],"predecessor-version":[{"id":5654,"href":"https:\/\/rcbe.de\/en\/wp-json\/wp\/v2\/pages\/5598\/revisions\/5654"}],"wp:attachment":[{"href":"https:\/\/rcbe.de\/en\/wp-json\/wp\/v2\/media?parent=5598"}],"curies":[{"name":"wp","href":"https:\/\/api.w.org\/{rel}","templated":true}]}}