{"id":5617,"date":"2020-05-12T12:57:39","date_gmt":"2020-05-12T10:57:39","guid":{"rendered":"http:\/\/rcbe.de\/publikationen-prof-dr-schratzenstaller\/"},"modified":"2020-10-19T10:13:47","modified_gmt":"2020-10-19T08:13:47","slug":"publikationen-prof-dr-schratzenstaller","status":"publish","type":"page","link":"https:\/\/rcbe.de\/en\/publikationen-prof-dr-schratzenstaller\/","title":{"rendered":"Publications Prof. Dr. Schratzenstaller"},"content":{"rendered":"<div id=\"pl-gb5617-69d14a616420a\"  class=\"panel-layout\" ><div id=\"pg-gb5617-69d14a616420a-0\"  class=\"panel-grid panel-no-style\" ><div id=\"pgc-gb5617-69d14a616420a-0-0\"  class=\"panel-grid-cell\" ><div id=\"panel-gb5617-69d14a616420a-0-0-0\" class=\"so-panel widget widget_xyz_insert_php_widget panel-first-child panel-last-child\" data-index=\"0\" ><div id=\"opus-publist\">\n  <div id=\"opus-header\">\n    <h1>Schratzenstaller, Thomas (Prof. Dr.) -Labor Medizinprodukte<\/h1>\n  <\/div>\n  <span> <\/span>\n  <a href=\"#opus-year-2025\">2025<\/a>\n  <span> | <\/span>\n  <span> <\/span>\n  <a href=\"#opus-year-2024\">2024<\/a>\n  <span> | <\/span>\n  <span> <\/span>\n  <a href=\"#opus-year-2023\">2023<\/a>\n  <span> | <\/span>\n  <span> <\/span>\n  <a href=\"#opus-year-2022\">2022<\/a>\n  <span> | <\/span>\n  <span> <\/span>\n  <a href=\"#opus-year-2021\">2021<\/a>\n  <span> | <\/span>\n  <span> <\/span>\n  <a href=\"#opus-year-2020\">2020<\/a>\n  <span> | <\/span>\n  <span> <\/span>\n  <a href=\"#opus-year-2019\">2019<\/a>\n  <span> | <\/span>\n  <span> <\/span>\n  <a href=\"#opus-year-2018\">2018<\/a>\n  <span> | <\/span>\n  <span> <\/span>\n  <a href=\"#opus-year-2017\">2017<\/a>\n  <span> | <\/span>\n  <span> <\/span>\n  <a href=\"#opus-year-2005\">2005<\/a>\n  <table cellspacing=\"0\">\n    <tr class=\"opus-year\">\n      <td colspan=\"4\">\n        <h4 id=\"opus-year-2025\">2025<\/h4>\n      <\/td>\n    <\/tr>\n    <tr>\n      <td class=\"opus-persons\" valign=\"top\">Eva Maier, Jan Zentgraf, Eveline Angele, Jos\u00e9 Zorzin, Michael Taschner, Matthias Widbiller, Kerstin Galler, Thomas Schratzenstaller<\/td>\n      <td class=\"opus-title\" valign=\"top\">\n        <a href=\"https:\/\/opus4.kobv.de\/opus4-oth-regensburg\/frontdoor\/index\/index\/docId\/8149\">\n          <b>A re-usable 3D-printed training model for the endodontic management of dental trauma in immature teeth<\/b>\n        <\/a>\n      <\/td>\n      <td class=\"opus-metadata\" valign=\"top\"><i>International endodontic journal<\/i>, Vol.2025, 2025<\/td>\n      <td class=\"opus-links\"><br\/><a href=\"https:\/\/opus4.kobv.de\/opus4-oth-regensburg\/citationExport\/index\/download\/output\/bibtex\/docId\/8149\">BibTeX<\/a><br\/><a href=\"https:\/\/doi.org\/10.1111\/iej.14235\">DOI<\/a> <\/td>\n    <\/tr>\n    <tr>\n      <td class=\"opus-persons\" valign=\"top\">Alexander Bartsch, Andreas Eigenberger, Oliver Felthaus, Brian W. Booth, Lars Krenkel, Thomas Schratzenstaller, Lukas Prantl<\/td>\n      <td class=\"opus-title\" valign=\"top\">\n        <a href=\"https:\/\/opus4.kobv.de\/opus4-oth-regensburg\/frontdoor\/index\/index\/docId\/8656\">\n          <b>Quantification of Cannula Influence on Negative Pressure in Syringe Assisted Liposuction<\/b>\n        <\/a>\n      <\/td>\n      <td class=\"opus-metadata\" valign=\"top\"><i>Plastic &amp; Reconstructive Surgery<\/i>, 2025<\/td>\n      <td class=\"opus-links\"><br\/><a href=\"https:\/\/opus4.kobv.de\/opus4-oth-regensburg\/citationExport\/index\/download\/output\/bibtex\/docId\/8656\">BibTeX<\/a><br\/><a href=\"https:\/\/doi.org\/10.1097\/PRS.0000000000012477\">DOI<\/a> <\/td>\n    <\/tr>\n    <tr>\n      <td class=\"opus-persons\" valign=\"top\">Leon Schaeffer, David Herrmann, Thomas Schratzenstaller, Sebastian Dendorfer, Valter B\u00f6hm<\/td>\n      <td class=\"opus-title\" valign=\"top\">\n        <a href=\"https:\/\/opus4.kobv.de\/opus4-oth-regensburg\/frontdoor\/index\/index\/docId\/7943\">\n          <b>Theoretical considerations on stiffness characteristics of a 3-dimensional tensegrity joint model for the use in dynamic hand orthoses<\/b>\n        <\/a>\n      <\/td>\n      <td class=\"opus-metadata\" valign=\"top\"><i>Journal of Medical Robotics Research<\/i>, 2025<\/td>\n      <td class=\"opus-links\"><br\/><a href=\"https:\/\/opus4.kobv.de\/opus4-oth-regensburg\/citationExport\/index\/download\/output\/bibtex\/docId\/7943\">BibTeX<\/a><br\/><a href=\"https:\/\/doi.org\/10.1142\/S2424905X25400069\">DOI<\/a> <\/td>\n    <\/tr>\n    <tr class=\"opus-year\">\n      <td colspan=\"4\">\n        <h4 id=\"opus-year-2024\">2024<\/h4>\n      <\/td>\n    <\/tr>\n    <tr>\n      <td class=\"opus-persons\" valign=\"top\">Xuyan Loo, Bhavana Nagaraju, Sai Pathivada, Alexander Bartsch, Thomas Schratzenstaller, Robert Sattler, Gareth J. Monkman<\/td>\n      <td class=\"opus-title\" valign=\"top\">\n        <a href=\"https:\/\/opus4.kobv.de\/opus4-oth-regensburg\/frontdoor\/index\/index\/docId\/7293\">\n          <b>Electrical properties of bisphenol-A-free magnetoactive borosilicate polymers<\/b>\n        <\/a>\n      <\/td>\n      <td class=\"opus-metadata\" valign=\"top\"><i>AIP Advances<\/i>, 14(5), 2024<\/td>\n      <td class=\"opus-links\"><a href=\"https:\/\/opus4.kobv.de\/opus4-oth-regensburg\/files\/7293\/Monkman_AIP_2024.pdf\"><b>PDF<\/b> <\/a><br\/><a href=\"https:\/\/opus4.kobv.de\/opus4-oth-regensburg\/citationExport\/index\/download\/output\/bibtex\/docId\/7293\">BibTeX<\/a><br\/><a href=\"https:\/\/doi.org\/10.1063\/5.0203017\">DOI<\/a> <\/td>\n    <\/tr>\n    <tr>\n      <td class=\"opus-persons\" valign=\"top\">Jan Zentgraf, Florian N\u00fctzel, Nico M\u00fchlbauer, Ulrich Schultheiss, Marius Grad, Thomas Schratzenstaller<\/td>\n      <td class=\"opus-title\" valign=\"top\">\n        <a href=\"https:\/\/opus4.kobv.de\/opus4-oth-regensburg\/frontdoor\/index\/index\/docId\/7395\">\n          <b>Surface Treatment of Additively Manufactured Polyetheretherketone (PEEK) by Centrifugal Disc Finishing Process: Identification of the Key Parameters<\/b>\n        <\/a>\n      <\/td>\n      <td class=\"opus-metadata\" valign=\"top\"><i>Polymers<\/i>, Vol.16, 2024<\/td>\n      <td class=\"opus-links\"><a href=\"https:\/\/opus4.kobv.de\/opus4-oth-regensburg\/files\/7395\/Zentgraf_polymers-2024.pdf\"><b>PDF<\/b> <\/a><br\/><a href=\"https:\/\/opus4.kobv.de\/opus4-oth-regensburg\/citationExport\/index\/download\/output\/bibtex\/docId\/7395\">BibTeX<\/a><br\/><a href=\"https:\/\/doi.org\/10.3390\/polym16162348\">DOI<\/a> <\/td>\n    <\/tr>\n    <tr class=\"opus-year\">\n      <td colspan=\"4\">\n        <h4 id=\"opus-year-2023\">2023<\/h4>\n      <\/td>\n    <\/tr>\n    <tr>\n      <td class=\"opus-persons\" valign=\"top\">Alexander Bartsch, Moritz Burger, Marius Grad, Lukas Esper, Ulrich Schulthei\u00df, Ulf Noster, Thomas Schratzenstaller<\/td>\n      <td class=\"opus-title\" valign=\"top\">\n        <a href=\"https:\/\/opus4.kobv.de\/opus4-oth-regensburg\/frontdoor\/index\/index\/docId\/6564\">\n          <b>Enhancement of laser cut edge quality of ultra-thin titanium grade 2 sheets by applying an in-process approach using modulated Yb:YAG continuous wave fiber laser<\/b>\n        <\/a>\n      <\/td>\n      <td class=\"opus-metadata\" valign=\"top\"><i>Discover Mechanical Engineering<\/i>, 2023<\/td>\n      <td class=\"opus-links\"><a href=\"https:\/\/opus4.kobv.de\/opus4-oth-regensburg\/files\/6564\/Burger_Bartsch_Disc_Medical_Eng.pdf\"><b>PDF<\/b> <\/a><br\/><a href=\"https:\/\/opus4.kobv.de\/opus4-oth-regensburg\/citationExport\/index\/download\/output\/bibtex\/docId\/6564\">BibTeX<\/a><br\/><a href=\"https:\/\/doi.org\/10.1007\/s44245-023-00018-3\">DOI<\/a> <\/td>\n    <\/tr>\n    <tr>\n      <td class=\"opus-persons\" valign=\"top\">Alexander Bartsch, Daniela Beham, Jakob Gebhardt, Ingo Ehrlich, Thomas Schratzenstaller, Gareth J. Monkman<\/td>\n      <td class=\"opus-title\" valign=\"top\">\n        <a href=\"https:\/\/opus4.kobv.de\/opus4-oth-regensburg\/frontdoor\/index\/index\/docId\/6742\">\n          <b>Mechanical Properties of NdPrFeB Based Magnetoactive Bisphenol-Free Boron-Silicate Polymers<\/b>\n        <\/a>\n      <\/td>\n      <td class=\"opus-metadata\" valign=\"top\"><i>Journal of Nanomedicine and Nanotechnology<\/i>, 14(6), 2023<\/td>\n      <td class=\"opus-links\"><a href=\"https:\/\/opus4.kobv.de\/opus4-oth-regensburg\/files\/6742\/Bartsch_Mechanical_properties.pdf\"><b>PDF<\/b> <\/a><br\/><a href=\"https:\/\/opus4.kobv.de\/opus4-oth-regensburg\/citationExport\/index\/download\/output\/bibtex\/docId\/6742\">BibTeX<\/a><br\/><a href=\"https:\/\/doi.org\/10.35248\/2157-7439.23.14.705\">DOI<\/a> <\/td>\n    <\/tr>\n    <tr>\n      <td class=\"opus-persons\" valign=\"top\">Leon Schaeffer, David Herrmann, Thomas Schratzenstaller, Sebastian Dendorfer, Valter B\u00f6hm<\/td>\n      <td class=\"opus-title\" valign=\"top\">\n        <a href=\"https:\/\/opus4.kobv.de\/opus4-oth-regensburg\/frontdoor\/index\/index\/docId\/6980\">\n          <b>Preliminary theoretical considerations on the stiffness characteristics of a tensegrity joint for the use in dynamic orthoses<\/b>\n        <\/a>\n      <\/td>\n      <td class=\"opus-metadata\" valign=\"top\"><i>Journal of Medical Robotics Research<\/i>, 2023<\/td>\n      <td class=\"opus-links\"><br\/><a href=\"https:\/\/opus4.kobv.de\/opus4-oth-regensburg\/citationExport\/index\/download\/output\/bibtex\/docId\/6980\">BibTeX<\/a><br\/><a href=\"https:\/\/doi.org\/10.1142\/S2424905X23400081\">DOI<\/a> <\/td>\n    <\/tr>\n    <tr class=\"opus-year\">\n      <td colspan=\"4\">\n        <h4 id=\"opus-year-2022\">2022<\/h4>\n      <\/td>\n    <\/tr>\n    <tr>\n      <td class=\"opus-persons\" valign=\"top\">Lisa Obermaier, Karla Lehle, Stefanie Schmid, Christof Schmid, Thomas Schratzenstaller<\/td>\n      <td class=\"opus-title\" valign=\"top\">\n        <a href=\"https:\/\/opus4.kobv.de\/opus4-oth-regensburg\/frontdoor\/index\/index\/docId\/5585\">\n          <b>Introduction of a new ex vivo porcine coronary artery model: Evaluation of the direct vascular injury after stent implantation with and without dogbone effect<\/b>\n        <\/a>\n      <\/td>\n      <td class=\"opus-metadata\" valign=\"top\"><i>European Surgical Research<\/i>, 63(4), pp. 285-293, 2022<\/td>\n      <td class=\"opus-links\"><br\/><a href=\"https:\/\/opus4.kobv.de\/opus4-oth-regensburg\/citationExport\/index\/download\/output\/bibtex\/docId\/5585\">BibTeX<\/a><br\/><a href=\"https:\/\/doi.org\/10.1159\/000527883\">DOI<\/a> <\/td>\n    <\/tr>\n    <tr>\n      <td class=\"opus-persons\" valign=\"top\">Andreas Eigenberger, Oliver Felthaus, Thomas Schratzenstaller, Silke Haerteis, Kirsten Utpatel, Lukas Prantl<\/td>\n      <td class=\"opus-title\" valign=\"top\">\n        <a href=\"https:\/\/opus4.kobv.de\/opus4-oth-regensburg\/frontdoor\/index\/index\/docId\/5010\">\n          <b>The Effects of Shear Force-Based Processing of Lipoaspirates on White Adipose Tissue and the Differentiation Potential of Adipose Derived Stem Cells<\/b>\n        <\/a>\n      <\/td>\n      <td class=\"opus-metadata\" valign=\"top\"><i>cells<\/i>, 11(16), 2022<\/td>\n      <td class=\"opus-links\"><br\/><a href=\"https:\/\/opus4.kobv.de\/opus4-oth-regensburg\/citationExport\/index\/download\/output\/bibtex\/docId\/5010\">BibTeX<\/a><br\/><a href=\"https:\/\/doi.org\/10.3390\/cells11162543\">DOI<\/a> <\/td>\n    <\/tr>\n    <tr class=\"opus-year\">\n      <td colspan=\"4\">\n        <h4 id=\"opus-year-2021\">2021<\/h4>\n      <\/td>\n    <\/tr>\n    <tr>\n      <td class=\"opus-persons\" valign=\"top\">Parastoo Kheiroddin, Patricia Sch\u00f6berl, Michael Althammer, Ezgi Cibali, Thea W\u00fcrfel, Hannah Wein, Birgit Kulawik, Heike Buntrock-D\u00f6pke, Eva Weigl, Silvia Gran, Magdalena Gr\u00fcndl, Jana Langguth, Benedikt Lampl, Guido Judex, Jakob Niggel, Philipp Pagel, Thomas Schratzenstaller, Wulf Schneider-Brachert, Susanne Gastiger, Mona Bodenschatz, Maike Konrad, Artem Levchuk, Cornelius Roth, David Sch\u00f6ner, Florian Schneebauer, Ren\u00e9 Rohrmanstorfer, Andreas Burkovski, Andreas Ambrosch, Thomas Wagner, Michael Kabesch<\/td>\n      <td class=\"opus-title\" valign=\"top\">\n        <a href=\"https:\/\/opus4.kobv.de\/opus4-oth-regensburg\/frontdoor\/index\/index\/docId\/2162\">\n          <b>Results of WICOVIR Gargle Pool PCR Testing in German Schools Based on the First 100,000 Tests<\/b>\n        <\/a>\n      <\/td>\n      <td class=\"opus-metadata\" valign=\"top\"><i>Frontiers in Pediatrics<\/i>, Vol.9, 2021<\/td>\n      <td class=\"opus-links\"><br\/><a href=\"https:\/\/opus4.kobv.de\/opus4-oth-regensburg\/citationExport\/index\/download\/output\/bibtex\/docId\/2162\">BibTeX<\/a><br\/><a href=\"https:\/\/doi.org\/10.3389\/fped.2021.721518\">DOI<\/a> <\/td>\n    <\/tr>\n    <tr class=\"opus-year\">\n      <td colspan=\"4\">\n        <h4 id=\"opus-year-2020\">2020<\/h4>\n      <\/td>\n    <\/tr>\n    <tr>\n      <td class=\"opus-persons\" valign=\"top\">Lisa Wiesent, Ulrich Schulthei\u00df, Philipp Lulla, Ulf Noster, Thomas Schratzenstaller, Christof Schmid, Aida Nonn, Ashley Spear<\/td>\n      <td class=\"opus-title\" valign=\"top\">\n        <a href=\"https:\/\/opus4.kobv.de\/opus4-oth-regensburg\/frontdoor\/index\/index\/docId\/2161\">\n          <b>Computational analysis of the effects of geometric irregularities and post-processing steps on the mechanical behavior of additively manufactured 316L stainless steel stents<\/b>\n        <\/a>\n      <\/td>\n      <td class=\"opus-metadata\" valign=\"top\"><i>PLoS ONE<\/i>, 15(12), pp. 1-30, 2020<\/td>\n      <td class=\"opus-links\"><br\/><a href=\"https:\/\/opus4.kobv.de\/opus4-oth-regensburg\/citationExport\/index\/download\/output\/bibtex\/docId\/2161\">BibTeX<\/a><br\/><a href=\"https:\/\/doi.org\/10.1371\/journal.pone.0244463\">DOI<\/a> <\/td>\n    <\/tr>\n    <tr>\n      <td class=\"opus-persons\" valign=\"top\">Markus A. Geith, Jakob D. Eckmann, Daniel Ch. Haspinger, Emmanouil Agrafiotis, Dominik Maier, Patrick Szabo, Gerhard Sommer, Thomas Schratzenstaller, Gerhard A. Holzapfel<\/td>\n      <td class=\"opus-title\" valign=\"top\">\n        <a href=\"https:\/\/opus4.kobv.de\/opus4-oth-regensburg\/frontdoor\/index\/index\/docId\/2168\">\n          <b>Experimental and mathematical characterization of coronary polyamide-12 balloon catheter membranes<\/b>\n        <\/a>\n      <\/td>\n      <td class=\"opus-metadata\" valign=\"top\"><i>PLoS One<\/i>, 15(6), pp. 1-22, 2020<\/td>\n      <td class=\"opus-links\"><br\/><a href=\"https:\/\/opus4.kobv.de\/opus4-oth-regensburg\/citationExport\/index\/download\/output\/bibtex\/docId\/2168\">BibTeX<\/a><br\/><a href=\"https:\/\/doi.org\/10.1371\/journal.pone.0234340\">DOI<\/a> <\/td>\n    <\/tr>\n    <tr>\n      <td class=\"opus-persons\" valign=\"top\">Markus A. Geith, Laurenz Nothdurfter, Manuel Heiml, Emmanouil Agrafiotis, Markus Gruber, Gerhard Sommer, Thomas Schratzenstaller, Gerhard A. Holzapfel<\/td>\n      <td class=\"opus-title\" valign=\"top\">\n        <a href=\"https:\/\/opus4.kobv.de\/opus4-oth-regensburg\/frontdoor\/index\/index\/docId\/2167\">\n          <b>Quantifying stent-induced damage in coronary arteries by investigating mechanical and structural alterations<\/b>\n        <\/a>\n      <\/td>\n      <td class=\"opus-metadata\" valign=\"top\"><i>Acta Biomaterialia<\/i>, 116(October), pp. 285-301, 2020<\/td>\n      <td class=\"opus-links\"><br\/><a href=\"https:\/\/opus4.kobv.de\/opus4-oth-regensburg\/citationExport\/index\/download\/output\/bibtex\/docId\/2167\">BibTeX<\/a><br\/><a href=\"https:\/\/doi.org\/10.1016\/j.actbio.2020.08.016\">DOI<\/a> <\/td>\n    <\/tr>\n    <tr>\n      <td class=\"opus-persons\" valign=\"top\">Lukas Prantl, Andreas Eigenberger, Silvan Klein, Katharina Limm, Peter J. Oefner, Thomas Schratzenstaller, Oliver Felthaus<\/td>\n      <td class=\"opus-title\" valign=\"top\">\n        <a href=\"https:\/\/opus4.kobv.de\/opus4-oth-regensburg\/frontdoor\/index\/index\/docId\/2169\">\n          <b>Shear Force Processing of Lipoaspirates for Stem Cell Enrichment Does Not Affect Secretome of Human Cells Detected by Mass Spectrometry In Vitro<\/b>\n        <\/a>\n      <\/td>\n      <td class=\"opus-metadata\" valign=\"top\"><i>Plastic and Reconstructive Surgery<\/i>, 146(6), pp. 749e-758e, 2020<\/td>\n      <td class=\"opus-links\"><br\/><a href=\"https:\/\/opus4.kobv.de\/opus4-oth-regensburg\/citationExport\/index\/download\/output\/bibtex\/docId\/2169\">BibTeX<\/a><br\/><a href=\"https:\/\/doi.org\/10.1097\/PRS.0000000000007343\">DOI<\/a> <\/td>\n    <\/tr>\n    <tr class=\"opus-year\">\n      <td colspan=\"4\">\n        <h4 id=\"opus-year-2019\">2019<\/h4>\n      <\/td>\n    <\/tr>\n    <tr>\n      <td class=\"opus-persons\" valign=\"top\">Lisa Wiesent, Ulrich Schultheiss, Christof Schmid, Thomas Schratzenstaller, Aida Nonn<\/td>\n      <td class=\"opus-title\" valign=\"top\">\n        <a href=\"https:\/\/opus4.kobv.de\/opus4-oth-regensburg\/frontdoor\/index\/index\/docId\/332\">\n          <b>Experimentally validated simulation of coronary stents considering different dogboning ratios and asymmetric stent positioning<\/b>\n        <\/a>\n      <\/td>\n      <td class=\"opus-metadata\" valign=\"top\"><i>PlOS One<\/i>, 14(10), pp. 1-25, 2019<\/td>\n      <td class=\"opus-links\"><br\/><a href=\"https:\/\/opus4.kobv.de\/opus4-oth-regensburg\/citationExport\/index\/download\/output\/bibtex\/docId\/332\">BibTeX<\/a><br\/><a href=\"https:\/\/doi.org\/10.1371\/journal.pone.0224026\">DOI<\/a> <\/td>\n    <\/tr>\n    <tr>\n      <td class=\"opus-persons\" valign=\"top\">Markus A. Geith, Krzysztof Swidergal, Bernd Hochholdinger, Thomas Schratzenstaller, Marcus Wagner, Gerhard A. Holzapfel<\/td>\n      <td class=\"opus-title\" valign=\"top\">\n        <a href=\"https:\/\/opus4.kobv.de\/opus4-oth-regensburg\/frontdoor\/index\/index\/docId\/331\">\n          <b>On the importance of modeling balloon folding, pleating, and stent crimping: An FE study comparing experimental inflation tests<\/b>\n        <\/a>\n      <\/td>\n      <td class=\"opus-metadata\" valign=\"top\"><i>International Journal for Numerical Methods in Biomedical Engineering<\/i>, 35(11), 2019<\/td>\n      <td class=\"opus-links\"><br\/><a href=\"https:\/\/opus4.kobv.de\/opus4-oth-regensburg\/citationExport\/index\/download\/output\/bibtex\/docId\/331\">BibTeX<\/a><br\/><a href=\"https:\/\/doi.org\/10.1002\/cnm.3249\">DOI<\/a> <\/td>\n    <\/tr>\n    <tr class=\"opus-year\">\n      <td colspan=\"4\">\n        <h4 id=\"opus-year-2018\">2018<\/h4>\n      <\/td>\n    <\/tr>\n    <tr>\n      <td class=\"opus-persons\" valign=\"top\">Markus A. Geith, Krzysztof Swidergal, Thomas Schratzenstaller, Gerhard A. Holzapfel, Marcus Wagner<\/td>\n      <td class=\"opus-title\" valign=\"top\">\n        <a href=\"https:\/\/opus4.kobv.de\/opus4-oth-regensburg\/frontdoor\/index\/index\/docId\/336\">\n          <b>Numerical analysis of stent delivery systems during pre- and intraoperative processes<\/b>\n        <\/a>\n      <\/td>\n      <td class=\"opus-metadata\" valign=\"top\"><i>15. Deutsches LS-DYNA Forum, 15.-17.10.2018, Bamberg<\/i>, 2018<\/td>\n      <td class=\"opus-links\">\n        <br\/>\n        <a href=\"https:\/\/opus4.kobv.de\/opus4-oth-regensburg\/citationExport\/index\/download\/output\/bibtex\/docId\/336\">BibTeX<\/a>\n        <br\/>\n      <\/td>\n    <\/tr>\n    <tr>\n      <td class=\"opus-persons\" valign=\"top\">Lisa Wiesent, Constantin Hupke, Christian Balk, Ulrich Schultheiss, Thomas Schratzenstaller<\/td>\n      <td class=\"opus-title\" valign=\"top\">\n        <a href=\"https:\/\/opus4.kobv.de\/opus4-oth-regensburg\/frontdoor\/index\/index\/docId\/337\">\n          <b>Optimization of the cardiovascular stent design towards improved expansion behaviour and radial stiffness properties<\/b>\n        <\/a>\n      <\/td>\n      <td class=\"opus-metadata\" valign=\"top\"><i>Biomedizinische Technik<\/i>, 63(s1), 2018<\/td>\n      <td class=\"opus-links\"><br\/><a href=\"https:\/\/opus4.kobv.de\/opus4-oth-regensburg\/citationExport\/index\/download\/output\/bibtex\/docId\/337\">BibTeX<\/a><br\/><a href=\"https:\/\/doi.org\/10.1515\/bmt-2018-6031\">DOI<\/a> <\/td>\n    <\/tr>\n    <tr class=\"opus-year\">\n      <td colspan=\"4\">\n        <h4 id=\"opus-year-2017\">2017<\/h4>\n      <\/td>\n    <\/tr>\n    <tr>\n      <td class=\"opus-persons\" valign=\"top\">Markus A. Geith, Gerhard Sommer, Thomas Schratzenstaller, Gerhard A. Holzapfel<\/td>\n      <td class=\"opus-title\" valign=\"top\">\n        <a href=\"https:\/\/opus4.kobv.de\/opus4-oth-regensburg\/frontdoor\/index\/index\/docId\/333\">\n          <b>Biomechanical and structural quantification of vascular damage: A unique investigation of stent implantation<\/b>\n        <\/a>\n      <\/td>\n      <td class=\"opus-metadata\" valign=\"top\"><i>Artery Research<\/i>, 20(Issue C), p. 50, 2017<\/td>\n      <td class=\"opus-links\"><br\/><a href=\"https:\/\/opus4.kobv.de\/opus4-oth-regensburg\/citationExport\/index\/download\/output\/bibtex\/docId\/333\">BibTeX<\/a><br\/><a href=\"https:\/\/doi.org\/10.1016\/j.artres.2017.10.025\">DOI<\/a> <\/td>\n    <\/tr>\n    <tr>\n      <td class=\"opus-persons\" valign=\"top\">Markus A. Geith, Gerhard Sommer, Thomas Schratzenstaller, Gerhard A. Holzapfel<\/td>\n      <td class=\"opus-title\" valign=\"top\">\n        <a href=\"https:\/\/opus4.kobv.de\/opus4-oth-regensburg\/frontdoor\/index\/index\/docId\/334\">\n          <b>First Approaches in Quantifying Acute Vascular Damage due to Stenting<\/b>\n        <\/a>\n      <\/td>\n      <td class=\"opus-metadata\" valign=\"top\"><i>23rd Congress of the European Society of Biomechanics, July 2-5,2017, Seville, Spain<\/i>, 2017<\/td>\n      <td class=\"opus-links\">\n        <br\/>\n        <a href=\"https:\/\/opus4.kobv.de\/opus4-oth-regensburg\/citationExport\/index\/download\/output\/bibtex\/docId\/334\">BibTeX<\/a>\n        <br\/>\n      <\/td>\n    <\/tr>\n    <tr>\n      <td class=\"opus-persons\" valign=\"top\">Lisa Wiesent, Markus A. Geith, Marcus Wagner<\/td>\n      <td class=\"opus-title\" valign=\"top\">\n        <a href=\"https:\/\/opus4.kobv.de\/opus4-oth-regensburg\/frontdoor\/index\/index\/docId\/335\">\n          <b>Simulation of Fluid-Structure Interaction between injection medium and balloon catheter using ICFD<\/b>\n        <\/a>\n      <\/td>\n      <td class=\"opus-metadata\" valign=\"top\"><i>11th European LS-DYNA Conference 2017, 9 &#8211; 11 May, Salzburg, Austria<\/i>, 2017<\/td>\n      <td class=\"opus-links\"><br\/><a href=\"https:\/\/opus4.kobv.de\/opus4-oth-regensburg\/citationExport\/index\/download\/output\/bibtex\/docId\/335\">BibTeX<\/a><br\/>978-3981621549, <\/td>\n    <\/tr>\n    <tr class=\"opus-year\">\n      <td colspan=\"4\">\n        <h4 id=\"opus-year-2005\">2005<\/h4>\n      <\/td>\n    <\/tr>\n    <tr>\n      <td class=\"opus-persons\" valign=\"top\">Rainer Wessely, J\u00f6rg Hausleiter, Cornelia Michaelis, Birgit Jaschke, Michael Vogeser, Stefan Milz, Boris Behnisch, Thomas Schratzenstaller, Magdalena Renke-Gluszko, Michael St\u00f6ver, Erich Wintermantel, Adnan Kastrati, Albert Sch\u00f6mig<\/td>\n      <td class=\"opus-title\" valign=\"top\">\n        <a href=\"https:\/\/opus4.kobv.de\/opus4-oth-regensburg\/frontdoor\/index\/index\/docId\/2171\">\n          <b>Inhibition of neointima formation by a novel drug-eluting stent system that allows for dose-adjustable, multiple, and on-site stent coating<\/b>\n        <\/a>\n      <\/td>\n      <td class=\"opus-metadata\" valign=\"top\"><i>Arteriosclerosis, Thrombosis, and Vascular Biology<\/i>, 25(4), pp. 748-753, 2005<\/td>\n      <td class=\"opus-links\"><br\/><a href=\"https:\/\/opus4.kobv.de\/opus4-oth-regensburg\/citationExport\/index\/download\/output\/bibtex\/docId\/2171\">BibTeX<\/a><br\/><a href=\"https:\/\/doi.org\/10.1161\/01.ATV.0000157579.52566.ee\">DOI<\/a> <\/td>\n    <\/tr>\n    <tr>\n      <td class=\"opus-persons\" valign=\"top\">J\u00f6rg Hausleiter, Adnan Kastrati, Rainer Wessely, Alban Dibra, Julinda Mehilli, Thomas Schratzenstaller, Isolde Graf, Magdalena Renke-Gluszko, Boris Behnisch, Josef Dirschinger, Erich Wintermantel, Albert Sch\u00f6mig<\/td>\n      <td class=\"opus-title\" valign=\"top\">\n        <a href=\"https:\/\/opus4.kobv.de\/opus4-oth-regensburg\/frontdoor\/index\/index\/docId\/2170\">\n          <b>Prevention of restenosis by a novel drug-eluting stent system with a dose-adjustable, polymer-free, on-site stent coating<\/b>\n        <\/a>\n      <\/td>\n      <td class=\"opus-metadata\" valign=\"top\"><i>European Heart Journal &#8211; Clinical research<\/i>, 26(15), pp. 1475-1481, 2005<\/td>\n      <td class=\"opus-links\"><br\/><a href=\"https:\/\/opus4.kobv.de\/opus4-oth-regensburg\/citationExport\/index\/download\/output\/bibtex\/docId\/2170\">BibTeX<\/a><br\/><a href=\"https:\/\/doi.org\/10.1093\/eurheartj\/ehi405\">DOI<\/a> <\/td>\n    <\/tr>\n  <\/table>\n<\/div>\n<\/div><\/div><\/div><\/div>","protected":false},"excerpt":{"rendered":"","protected":false},"author":26,"featured_media":0,"parent":0,"menu_order":0,"comment_status":"closed","ping_status":"closed","template":"","meta":{"ngg_post_thumbnail":0,"footnotes":""},"class_list":["post-5617","page","type-page","status-publish","hentry"],"_links":{"self":[{"href":"https:\/\/rcbe.de\/en\/wp-json\/wp\/v2\/pages\/5617","targetHints":{"allow":["GET"]}}],"collection":[{"href":"https:\/\/rcbe.de\/en\/wp-json\/wp\/v2\/pages"}],"about":[{"href":"https:\/\/rcbe.de\/en\/wp-json\/wp\/v2\/types\/page"}],"author":[{"embeddable":true,"href":"https:\/\/rcbe.de\/en\/wp-json\/wp\/v2\/users\/26"}],"replies":[{"embeddable":true,"href":"https:\/\/rcbe.de\/en\/wp-json\/wp\/v2\/comments?post=5617"}],"version-history":[{"count":1,"href":"https:\/\/rcbe.de\/en\/wp-json\/wp\/v2\/pages\/5617\/revisions"}],"predecessor-version":[{"id":5618,"href":"https:\/\/rcbe.de\/en\/wp-json\/wp\/v2\/pages\/5617\/revisions\/5618"}],"wp:attachment":[{"href":"https:\/\/rcbe.de\/en\/wp-json\/wp\/v2\/media?parent=5617"}],"curies":[{"name":"wp","href":"https:\/\/api.w.org\/{rel}","templated":true}]}}